{"id":50,"date":"2023-06-16T13:58:39","date_gmt":"2023-06-16T11:58:39","guid":{"rendered":"http:\/\/www.nutshellproject.fr\/?page_id=50"},"modified":"2023-06-16T14:01:42","modified_gmt":"2023-06-16T12:01:42","slug":"lhistoire","status":"publish","type":"page","link":"https:\/\/www.nutshellproject.fr\/index.php\/lhistoire\/","title":{"rendered":"L&rsquo;histoire"},"content":{"rendered":"\n<p>Vous \u00eates un agent ind\u00e9pendant qui proposez vos services afin de \u201cr\u00e9soudre des probl\u00e8mes\u201d en milieu hostile. Vous \u00eates sollicit\u00e9 par un \u00e9minent physicien qui vous explique qu\u2019il y\u2019a quelques ann\u00e9es, lui et une petite \u00e9quipe de scientifiques ont \u00e9t\u00e9 mandat\u00e9s pour suivre des recherches sur une \u00eele au sud du pacifique. Au cours de la premi\u00e8re ann\u00e9e, les recherches avan\u00e7aient \u00e0 un rythme fulgurant et ils ont rapidement demand\u00e9 des moyens et des ressources suppl\u00e9mentaires. Ils ont rapidement pu monter des infrastructures et au bout de la troisi\u00e8me ann\u00e9e de recherche l\u2019\u00e9quipe comptait pr\u00e8s de 400 personnes.<\/p>\n\n\n\n\n\n<p>Leurs recherches ont permis d\u2019ouvrir une br\u00e8che temporelle vers un avenir lointain. Au d\u00e9part l\u2019\u00e9quipe \u00e9tait enthousiaste mais rapidement, lorsqu\u2019ils ont envoy\u00e9 les premi\u00e8res sondes, ils ont compris que les g\u00e9n\u00e9rations futures avaient \u00e9t\u00e9 d\u00e9cim\u00e9es. La plan\u00e8te avait succomb\u00e9 \u00e0 des si\u00e8cles de sur pollution et avait fini par avoir raison de l\u2019esp\u00e8ce humaine.<\/p>\n\n\n\n\n\n<p>Mais l\u2019\u00e9quipe a continu\u00e9 ses recherches pour tenter de comprendre ce qui avait pu ammener \u00e0 cette catastrophe. La question \u00e9conomique s\u2019est pos\u00e9e au bout de la 4\u00e8m\u00e8 ann\u00e9e de recherche. L\u2019\u00e9quipe avait beau avoir fait des d\u00e9couvertes cruciales pour la survie de l\u2019humanit\u00e9, il fallait faire rentrer de l\u2019argent. A partir de cet instant, l\u2019\u00e9quipe a mont\u00e9 \u201cla cellule technologie\u201d dont l\u2019objectif \u00e9tait d\u2019entreprendre des exp\u00e9ditions \u00e0 travers la br\u00eache afin d\u2019y r\u00e9cup\u00e9rer du mat\u00e9riel de technologie avanc\u00e9e.<\/p>\n\n\n\n\n\n<p>L\u2019\u00e9quipe a longuement pu \u00e9tudier des technologies qui avait plus de mille ans d\u2019avance sur nous. Mais \u00e0 quel prix ? <\/p>\n\n\n\n<p>Ce n\u2019est que bien trop tard que l\u2019\u00e9quipe a compris qu\u2019elle ne pouvait pas refermer la br\u00eache\u2026<\/p>\n\n\n\n<p><br><strong>En tant que joueur on vous demande de vous rendre sur cette \u00eele pour r\u00e9cup\u00e9rer de pr\u00e9cieuses donn\u00e9es de recherche.<\/strong><\/p>\n","protected":false},"excerpt":{"rendered":"<p>Vous \u00eates un agent ind\u00e9pendant qui proposez vos services afin de \u201cr\u00e9soudre des probl\u00e8mes\u201d en milieu hostile. Vous \u00eates sollicit\u00e9 par un \u00e9minent physicien qui vous explique qu\u2019il y\u2019a quelques ann\u00e9es, lui et une petite \u00e9quipe de scientifiques ont \u00e9t\u00e9 mandat\u00e9s pour suivre des recherches sur une \u00eele au sud du pacifique. Au cours de &hellip; <\/p>\n<p class=\"link-more\"><a href=\"https:\/\/www.nutshellproject.fr\/index.php\/lhistoire\/\" class=\"more-link\">Lire la suite de<span class=\"screen-reader-text\">\u00ab\u00a0L&rsquo;histoire\u00a0\u00bb<\/span><\/a><\/p>\n","protected":false},"author":1,"featured_media":0,"parent":0,"menu_order":0,"comment_status":"closed","ping_status":"closed","template":"","meta":{"footnotes":""},"class_list":["post-50","page","type-page","status-publish","hentry"],"featured_media_urls":[],"_links":{"self":[{"href":"https:\/\/www.nutshellproject.fr\/index.php\/wp-json\/wp\/v2\/pages\/50","targetHints":{"allow":["GET"]}}],"collection":[{"href":"https:\/\/www.nutshellproject.fr\/index.php\/wp-json\/wp\/v2\/pages"}],"about":[{"href":"https:\/\/www.nutshellproject.fr\/index.php\/wp-json\/wp\/v2\/types\/page"}],"author":[{"embeddable":true,"href":"https:\/\/www.nutshellproject.fr\/index.php\/wp-json\/wp\/v2\/users\/1"}],"replies":[{"embeddable":true,"href":"https:\/\/www.nutshellproject.fr\/index.php\/wp-json\/wp\/v2\/comments?post=50"}],"version-history":[{"count":1,"href":"https:\/\/www.nutshellproject.fr\/index.php\/wp-json\/wp\/v2\/pages\/50\/revisions"}],"predecessor-version":[{"id":51,"href":"https:\/\/www.nutshellproject.fr\/index.php\/wp-json\/wp\/v2\/pages\/50\/revisions\/51"}],"wp:attachment":[{"href":"https:\/\/www.nutshellproject.fr\/index.php\/wp-json\/wp\/v2\/media?parent=50"}],"curies":[{"name":"wp","href":"https:\/\/api.w.org\/{rel}","templated":true}]}}