{"id":56,"date":"2023-06-16T14:16:29","date_gmt":"2023-06-16T12:16:29","guid":{"rendered":"http:\/\/www.nutshellproject.fr\/?page_id=56"},"modified":"2023-06-16T16:25:16","modified_gmt":"2023-06-16T14:25:16","slug":"personnages","status":"publish","type":"page","link":"https:\/\/www.nutshellproject.fr\/index.php\/personnages\/","title":{"rendered":"Personnages"},"content":{"rendered":"\n<div class=\"wp-block-media-text is-stacked-on-mobile\"><figure class=\"wp-block-media-text__media\"><img loading=\"lazy\" decoding=\"async\" width=\"996\" height=\"1024\" src=\"http:\/\/www.nutshellproject.fr\/wp-content\/uploads\/2023\/06\/Commando-996x1024.png\" alt=\"\" class=\"wp-image-102 size-full\" srcset=\"https:\/\/www.nutshellproject.fr\/wp-content\/uploads\/2023\/06\/Commando-996x1024.png 996w, https:\/\/www.nutshellproject.fr\/wp-content\/uploads\/2023\/06\/Commando-292x300.png 292w, https:\/\/www.nutshellproject.fr\/wp-content\/uploads\/2023\/06\/Commando-768x789.png 768w, https:\/\/www.nutshellproject.fr\/wp-content\/uploads\/2023\/06\/Commando-1494x1536.png 1494w, https:\/\/www.nutshellproject.fr\/wp-content\/uploads\/2023\/06\/Commando-600x617.png 600w, https:\/\/www.nutshellproject.fr\/wp-content\/uploads\/2023\/06\/Commando-1200x1233.png 1200w, https:\/\/www.nutshellproject.fr\/wp-content\/uploads\/2023\/06\/Commando.png 1800w\" sizes=\"auto, (max-width: 996px) 100vw, 996px\" \/><\/figure><div class=\"wp-block-media-text__content\">\n<h2 class=\"wp-block-heading\">Le commando<\/h2>\n\n\n\n<p>Roberto a exerc\u00e9 pendant 15 ans dans les forces ssp\u00e9ciales. Il a \u00e9t\u00e9 form\u00e9 par Carlos et a eu l&rsquo;occasion de l&rsquo;accompagner sur plusieurs missions d&rsquo;infiltrations. Il \u00e9xc\u00e8le dans le  maniement des armes automatiques<\/p>\n\n\n\n<p><strong>Armement de d\u00e9part:<\/strong> Fusil d&rsquo;assault<\/p>\n\n\n\n<p><strong>Caract\u00e9ristiques:<\/strong> D\u00e9g\u00e2ts \u00e0 distance<\/p>\n<\/div><\/div>\n\n\n\n<div class=\"wp-block-media-text alignwide has-media-on-the-right is-stacked-on-mobile\"><div class=\"wp-block-media-text__content\">\n<h2 class=\"wp-block-heading\">La scientifique<\/h2>\n\n\n\n<p>Sophie a \u00e9tudier au MIT la physique des particules et l&rsquo;astro physique. Sophie est la fille de Peter Browski qui est \u00e0 l&rsquo;initiative des recherches men\u00e9e sur l&rsquo;\u00eele<\/p>\n\n\n\n<p><strong>Armement de d\u00e9part:<\/strong> Drone de combat<\/p>\n\n\n\n<p><strong>Caract\u00e9ristiques:<\/strong> Support<\/p>\n<\/div><figure class=\"wp-block-media-text__media\"><img loading=\"lazy\" decoding=\"async\" width=\"996\" height=\"1024\" src=\"http:\/\/www.nutshellproject.fr\/wp-content\/uploads\/2023\/06\/scientifique-996x1024.png\" alt=\"\" class=\"wp-image-104 size-full\" srcset=\"https:\/\/www.nutshellproject.fr\/wp-content\/uploads\/2023\/06\/scientifique-996x1024.png 996w, https:\/\/www.nutshellproject.fr\/wp-content\/uploads\/2023\/06\/scientifique-292x300.png 292w, https:\/\/www.nutshellproject.fr\/wp-content\/uploads\/2023\/06\/scientifique-768x789.png 768w, https:\/\/www.nutshellproject.fr\/wp-content\/uploads\/2023\/06\/scientifique-1494x1536.png 1494w, https:\/\/www.nutshellproject.fr\/wp-content\/uploads\/2023\/06\/scientifique-600x617.png 600w, https:\/\/www.nutshellproject.fr\/wp-content\/uploads\/2023\/06\/scientifique-1200x1233.png 1200w, https:\/\/www.nutshellproject.fr\/wp-content\/uploads\/2023\/06\/scientifique.png 1800w\" sizes=\"auto, (max-width: 996px) 100vw, 996px\" \/><\/figure><\/div>\n\n\n\n<div class=\"wp-block-media-text alignwide is-stacked-on-mobile\"><figure class=\"wp-block-media-text__media\"><img loading=\"lazy\" decoding=\"async\" width=\"996\" height=\"1024\" src=\"http:\/\/www.nutshellproject.fr\/wp-content\/uploads\/2023\/06\/ForceSpe-1-996x1024.png\" alt=\"\" class=\"wp-image-105 size-full\" srcset=\"https:\/\/www.nutshellproject.fr\/wp-content\/uploads\/2023\/06\/ForceSpe-1-996x1024.png 996w, https:\/\/www.nutshellproject.fr\/wp-content\/uploads\/2023\/06\/ForceSpe-1-292x300.png 292w, https:\/\/www.nutshellproject.fr\/wp-content\/uploads\/2023\/06\/ForceSpe-1-768x789.png 768w, https:\/\/www.nutshellproject.fr\/wp-content\/uploads\/2023\/06\/ForceSpe-1-1494x1536.png 1494w, https:\/\/www.nutshellproject.fr\/wp-content\/uploads\/2023\/06\/ForceSpe-1-600x617.png 600w, https:\/\/www.nutshellproject.fr\/wp-content\/uploads\/2023\/06\/ForceSpe-1-1200x1233.png 1200w, https:\/\/www.nutshellproject.fr\/wp-content\/uploads\/2023\/06\/ForceSpe-1.png 1800w\" sizes=\"auto, (max-width: 996px) 100vw, 996px\" \/><\/figure><div class=\"wp-block-media-text__content\">\n<h2 class=\"wp-block-heading\">L&rsquo;ex agent secret<\/h2>\n\n\n\n<p>Carlos est un combatant agu\u00e9ri, il a particip\u00e9 \u00e0 plusieurs th\u00e9atres de gueurre \u00e0 travers le monde. Il a v\u00e9cu 18 ans au japon o\u00f9 il a pu aqu\u00e9rir les techniques des arts de combat nippons. Carlos sait utiliser son arme pour augmenter sa d\u00e9fense<\/p>\n\n\n\n<p><strong>Armement de d\u00e9part:<\/strong> Katana<\/p>\n\n\n\n<p><strong>Caract\u00e9ristiques:<\/strong> Tank<\/p>\n<\/div><\/div>\n\n\n\n<div class=\"wp-block-media-text alignwide has-media-on-the-right is-stacked-on-mobile\"><div class=\"wp-block-media-text__content\">\n<h2 class=\"wp-block-heading\">La combattante<\/h2>\n\n\n\n<p>Chlo\u00e9 est une mercenaire ind\u00e9pendante. On ne sait pas beaucoup de chose sur elle. Il semblerait que les seules personnes qui ont eu l&rsquo;occasion de fr\u00e9quenter Chlo\u00e9 ne soient plus de ce monde. Une chose est certaine: sa sp\u00e9cialit\u00e9 est l&rsquo;assasinat au corp \u00e0 corps<\/p>\n\n\n\n<p><strong>Armement de d\u00e9part:<\/strong> Gants<\/p>\n\n\n\n<p><strong>Caract\u00e9ristiques:<\/strong> D\u00e9g\u00e2ts au corps \u00e0 corps<\/p>\n<\/div><figure class=\"wp-block-media-text__media\"><img loading=\"lazy\" decoding=\"async\" width=\"996\" height=\"1024\" src=\"http:\/\/www.nutshellproject.fr\/wp-content\/uploads\/2023\/06\/Combattante-996x1024.png\" alt=\"\" class=\"wp-image-101 size-full\" srcset=\"https:\/\/www.nutshellproject.fr\/wp-content\/uploads\/2023\/06\/Combattante-996x1024.png 996w, https:\/\/www.nutshellproject.fr\/wp-content\/uploads\/2023\/06\/Combattante-292x300.png 292w, https:\/\/www.nutshellproject.fr\/wp-content\/uploads\/2023\/06\/Combattante-768x789.png 768w, https:\/\/www.nutshellproject.fr\/wp-content\/uploads\/2023\/06\/Combattante-1494x1536.png 1494w, https:\/\/www.nutshellproject.fr\/wp-content\/uploads\/2023\/06\/Combattante-600x617.png 600w, https:\/\/www.nutshellproject.fr\/wp-content\/uploads\/2023\/06\/Combattante-1200x1233.png 1200w, https:\/\/www.nutshellproject.fr\/wp-content\/uploads\/2023\/06\/Combattante.png 1800w\" sizes=\"auto, (max-width: 996px) 100vw, 996px\" \/><\/figure><\/div>\n\n\n\n<div style=\"height:100px\" aria-hidden=\"true\" class=\"wp-block-spacer\"><\/div>\n","protected":false},"excerpt":{"rendered":"<p>Le commando Roberto a exerc\u00e9 pendant 15 ans dans les forces ssp\u00e9ciales. Il a \u00e9t\u00e9 form\u00e9 par Carlos et a eu l&rsquo;occasion de l&rsquo;accompagner sur plusieurs missions d&rsquo;infiltrations. Il \u00e9xc\u00e8le dans le maniement des armes automatiques Armement de d\u00e9part: Fusil d&rsquo;assault Caract\u00e9ristiques: D\u00e9g\u00e2ts \u00e0 distance La scientifique Sophie a \u00e9tudier au MIT la physique des &hellip; <\/p>\n<p class=\"link-more\"><a href=\"https:\/\/www.nutshellproject.fr\/index.php\/personnages\/\" class=\"more-link\">Lire la suite de<span class=\"screen-reader-text\">\u00ab\u00a0Personnages\u00a0\u00bb<\/span><\/a><\/p>\n","protected":false},"author":1,"featured_media":0,"parent":0,"menu_order":0,"comment_status":"closed","ping_status":"closed","template":"","meta":{"footnotes":""},"class_list":["post-56","page","type-page","status-publish","hentry"],"featured_media_urls":[],"_links":{"self":[{"href":"https:\/\/www.nutshellproject.fr\/index.php\/wp-json\/wp\/v2\/pages\/56","targetHints":{"allow":["GET"]}}],"collection":[{"href":"https:\/\/www.nutshellproject.fr\/index.php\/wp-json\/wp\/v2\/pages"}],"about":[{"href":"https:\/\/www.nutshellproject.fr\/index.php\/wp-json\/wp\/v2\/types\/page"}],"author":[{"embeddable":true,"href":"https:\/\/www.nutshellproject.fr\/index.php\/wp-json\/wp\/v2\/users\/1"}],"replies":[{"embeddable":true,"href":"https:\/\/www.nutshellproject.fr\/index.php\/wp-json\/wp\/v2\/comments?post=56"}],"version-history":[{"count":3,"href":"https:\/\/www.nutshellproject.fr\/index.php\/wp-json\/wp\/v2\/pages\/56\/revisions"}],"predecessor-version":[{"id":108,"href":"https:\/\/www.nutshellproject.fr\/index.php\/wp-json\/wp\/v2\/pages\/56\/revisions\/108"}],"wp:attachment":[{"href":"https:\/\/www.nutshellproject.fr\/index.php\/wp-json\/wp\/v2\/media?parent=56"}],"curies":[{"name":"wp","href":"https:\/\/api.w.org\/{rel}","templated":true}]}}