{"id":6,"date":"2023-06-16T11:44:19","date_gmt":"2023-06-16T09:44:19","guid":{"rendered":"http:\/\/nutshellproject.fr\/?page_id=6"},"modified":"2023-06-16T14:42:12","modified_gmt":"2023-06-16T12:42:12","slug":"beaux-portfolios-pour-des-creatifs-exceptionnels","status":"publish","type":"page","link":"https:\/\/www.nutshellproject.fr\/","title":{"rendered":"Pr\u00e9sentation"},"content":{"rendered":"\n<p class=\"has-text-align-center\"><meta charset=\"utf-8\"><\/p>\n\n\n\n<p class=\"has-text-align-left\">Le concept du jeu s\u2019articule autour de l\u2019exploration (en solo ou en multi) d\u2019un monde ouvert hostile o\u00f9 le joueur sera ammen\u00e9 \u00e0 rechercher et trouver des \u00e9l\u00e9ments lui permettant d\u2019am\u00e9liorer son build<\/p>\n\n\n\n<p class=\"has-text-align-left\">La particularit\u00e9 r\u00e9side dans l&rsquo;\u00e9quilibre entre un style Hack n Slash nerveux et une exploration subtile parsem\u00e9e d&rsquo;\u00e9nigmes<\/p>\n\n\n\n<p>Pour ce faire, pas de level-up ni de gain d&rsquo;exp\u00e9rience, l&rsquo;unique moyen de progresser est de trouver des plans de fabrication \u00e0 travers le monde ouvert de NUTSHELL<\/p>\n\n\n\n<div style=\"height:100px\" aria-hidden=\"true\" class=\"wp-block-spacer\"><\/div>\n\n\n\n<div class=\"wp-block-group alignfull has-black-background-color has-background\"><div class=\"wp-block-group__inner-container is-layout-flow wp-block-group-is-layout-flow\">\n<h2 class=\"wp-block-heading has-text-align-center has-white-color has-text-color\"><strong>Galler<\/strong>ie<\/h2>\n\n\n\n<figure class=\"wp-block-gallery aligncenter has-nested-images columns-default is-cropped wp-block-gallery-1 is-layout-flex wp-block-gallery-is-layout-flex\">\n<figure class=\"wp-block-image size-large\"><img loading=\"lazy\" decoding=\"async\" width=\"1024\" height=\"541\" data-id=\"37\" src=\"http:\/\/nutshellproject.fr\/wp-content\/uploads\/2023\/06\/riviere-1024x541.png\" alt=\"\" class=\"wp-image-37\" srcset=\"https:\/\/www.nutshellproject.fr\/wp-content\/uploads\/2023\/06\/riviere-1024x541.png 1024w, https:\/\/www.nutshellproject.fr\/wp-content\/uploads\/2023\/06\/riviere-300x159.png 300w, https:\/\/www.nutshellproject.fr\/wp-content\/uploads\/2023\/06\/riviere-768x406.png 768w, https:\/\/www.nutshellproject.fr\/wp-content\/uploads\/2023\/06\/riviere-1536x812.png 1536w, https:\/\/www.nutshellproject.fr\/wp-content\/uploads\/2023\/06\/riviere-2048x1083.png 2048w, https:\/\/www.nutshellproject.fr\/wp-content\/uploads\/2023\/06\/riviere-2000x1057.png 2000w\" sizes=\"auto, (max-width: 1024px) 100vw, 1024px\" \/><\/figure>\n\n\n\n<figure class=\"wp-block-image size-large\"><img loading=\"lazy\" decoding=\"async\" width=\"1024\" height=\"609\" data-id=\"35\" src=\"http:\/\/nutshellproject.fr\/wp-content\/uploads\/2023\/06\/Mountain-1024x609.png\" alt=\"\" class=\"wp-image-35\" srcset=\"https:\/\/www.nutshellproject.fr\/wp-content\/uploads\/2023\/06\/Mountain-1024x609.png 1024w, https:\/\/www.nutshellproject.fr\/wp-content\/uploads\/2023\/06\/Mountain-300x179.png 300w, https:\/\/www.nutshellproject.fr\/wp-content\/uploads\/2023\/06\/Mountain-768x457.png 768w, https:\/\/www.nutshellproject.fr\/wp-content\/uploads\/2023\/06\/Mountain-1536x914.png 1536w, https:\/\/www.nutshellproject.fr\/wp-content\/uploads\/2023\/06\/Mountain-2000x1190.png 2000w, https:\/\/www.nutshellproject.fr\/wp-content\/uploads\/2023\/06\/Mountain.png 2038w\" sizes=\"auto, (max-width: 1024px) 100vw, 1024px\" \/><\/figure>\n\n\n\n<figure class=\"wp-block-image size-large\"><img loading=\"lazy\" decoding=\"async\" width=\"1024\" height=\"585\" data-id=\"33\" src=\"http:\/\/nutshellproject.fr\/wp-content\/uploads\/2023\/06\/GPforest1-1024x585.png\" alt=\"\" class=\"wp-image-33\" srcset=\"https:\/\/www.nutshellproject.fr\/wp-content\/uploads\/2023\/06\/GPforest1-1024x585.png 1024w, https:\/\/www.nutshellproject.fr\/wp-content\/uploads\/2023\/06\/GPforest1-300x171.png 300w, https:\/\/www.nutshellproject.fr\/wp-content\/uploads\/2023\/06\/GPforest1-768x439.png 768w, https:\/\/www.nutshellproject.fr\/wp-content\/uploads\/2023\/06\/GPforest1-1536x878.png 1536w, https:\/\/www.nutshellproject.fr\/wp-content\/uploads\/2023\/06\/GPforest1-2000x1143.png 2000w, https:\/\/www.nutshellproject.fr\/wp-content\/uploads\/2023\/06\/GPforest1.png 2038w\" sizes=\"auto, (max-width: 1024px) 100vw, 1024px\" \/><\/figure>\n\n\n\n<figure class=\"wp-block-image size-large\"><img loading=\"lazy\" decoding=\"async\" width=\"1024\" height=\"612\" data-id=\"32\" src=\"http:\/\/nutshellproject.fr\/wp-content\/uploads\/2023\/06\/forest2-1024x612.png\" alt=\"\" class=\"wp-image-32\" srcset=\"https:\/\/www.nutshellproject.fr\/wp-content\/uploads\/2023\/06\/forest2-1024x612.png 1024w, https:\/\/www.nutshellproject.fr\/wp-content\/uploads\/2023\/06\/forest2-300x179.png 300w, https:\/\/www.nutshellproject.fr\/wp-content\/uploads\/2023\/06\/forest2-768x459.png 768w, https:\/\/www.nutshellproject.fr\/wp-content\/uploads\/2023\/06\/forest2-1536x917.png 1536w, https:\/\/www.nutshellproject.fr\/wp-content\/uploads\/2023\/06\/forest2-2000x1195.png 2000w, https:\/\/www.nutshellproject.fr\/wp-content\/uploads\/2023\/06\/forest2.png 2041w\" sizes=\"auto, (max-width: 1024px) 100vw, 1024px\" \/><\/figure>\n\n\n\n<figure class=\"wp-block-image size-large\"><img loading=\"lazy\" decoding=\"async\" width=\"1024\" height=\"542\" data-id=\"29\" src=\"http:\/\/nutshellproject.fr\/wp-content\/uploads\/2023\/06\/baseExterieur-1024x542.png\" alt=\"\" class=\"wp-image-29\" srcset=\"https:\/\/www.nutshellproject.fr\/wp-content\/uploads\/2023\/06\/baseExterieur-1024x542.png 1024w, https:\/\/www.nutshellproject.fr\/wp-content\/uploads\/2023\/06\/baseExterieur-300x159.png 300w, https:\/\/www.nutshellproject.fr\/wp-content\/uploads\/2023\/06\/baseExterieur-768x407.png 768w, https:\/\/www.nutshellproject.fr\/wp-content\/uploads\/2023\/06\/baseExterieur-1536x813.png 1536w, https:\/\/www.nutshellproject.fr\/wp-content\/uploads\/2023\/06\/baseExterieur-2048x1085.png 2048w, https:\/\/www.nutshellproject.fr\/wp-content\/uploads\/2023\/06\/baseExterieur-2000x1059.png 2000w\" sizes=\"auto, (max-width: 1024px) 100vw, 1024px\" \/><\/figure>\n\n\n\n<figure class=\"wp-block-image size-large\"><img loading=\"lazy\" decoding=\"async\" width=\"1024\" height=\"591\" data-id=\"30\" src=\"http:\/\/nutshellproject.fr\/wp-content\/uploads\/2023\/06\/beach-1024x591.png\" alt=\"\" class=\"wp-image-30\" srcset=\"https:\/\/www.nutshellproject.fr\/wp-content\/uploads\/2023\/06\/beach-1024x591.png 1024w, https:\/\/www.nutshellproject.fr\/wp-content\/uploads\/2023\/06\/beach-300x173.png 300w, https:\/\/www.nutshellproject.fr\/wp-content\/uploads\/2023\/06\/beach-768x443.png 768w, https:\/\/www.nutshellproject.fr\/wp-content\/uploads\/2023\/06\/beach-1536x886.png 1536w, https:\/\/www.nutshellproject.fr\/wp-content\/uploads\/2023\/06\/beach-2000x1154.png 2000w, https:\/\/www.nutshellproject.fr\/wp-content\/uploads\/2023\/06\/beach.png 2035w\" sizes=\"auto, (max-width: 1024px) 100vw, 1024px\" \/><\/figure>\n<\/figure>\n<\/div><\/div>\n\n\n\n<div class=\"wp-block-cover alignfull is-light has-parallax is-position-center-center\" style=\"min-height:375px;aspect-ratio:unset;\"><span aria-hidden=\"true\" class=\"wp-block-cover__background has-black-background-color has-background-dim-40 has-background-dim\"><\/span><div role=\"img\" class=\"wp-block-cover__image-background wp-image-38 has-parallax\" style=\"background-position:50% 50%;background-image:url(http:\/\/nutshellproject.fr\/wp-content\/uploads\/2023\/06\/cropped-plage.png)\"><\/div><div class=\"wp-block-cover__inner-container is-layout-flow wp-block-cover-is-layout-flow\">\n<p class=\"has-text-align-center has-text-color has-huge-font-size\" style=\"color:#fffffa;line-height:1.1\"><strong>Dites-nous ce que vous en pensez<\/strong><\/p>\n\n\n\n<p class=\"has-text-align-center\"><em><mark style=\"background-color:rgba(0, 0, 0, 0)\" class=\"has-inline-color has-white-color\">Contactez nous afin de nous soutenir ou de nous faire part de vos critiques constructives<\/mark><\/em><\/p>\n\n\n\n<div style=\"height:39px\" aria-hidden=\"true\" class=\"wp-block-spacer\"><\/div>\n\n\n\n<div class=\"wp-block-buttons is-horizontal is-content-justification-center is-layout-flex wp-container-core-buttons-is-layout-499968f5 wp-block-buttons-is-layout-flex\">\n<div class=\"wp-block-button is-style-outline is-style-outline--2\"><a class=\"wp-block-button__link has-white-color has-text-color wp-element-button\" href=\"http:\/\/www.nutshellproject.fr\/index.php\/contactez-nous\/\">Contactez-nous<\/a><\/div>\n<\/div>\n<\/div><\/div>\n","protected":false},"excerpt":{"rendered":"<p>Le concept du jeu s\u2019articule autour de l\u2019exploration (en solo ou en multi) d\u2019un monde ouvert hostile o\u00f9 le joueur sera ammen\u00e9 \u00e0 rechercher et trouver des \u00e9l\u00e9ments lui permettant d\u2019am\u00e9liorer son build La particularit\u00e9 r\u00e9side dans l&rsquo;\u00e9quilibre entre un style Hack n Slash nerveux et une exploration subtile parsem\u00e9e d&rsquo;\u00e9nigmes Pour ce faire, pas &hellip; <\/p>\n<p class=\"link-more\"><a href=\"https:\/\/www.nutshellproject.fr\/\" class=\"more-link\">Lire la suite de<span class=\"screen-reader-text\">\u00ab\u00a0Pr\u00e9sentation\u00a0\u00bb<\/span><\/a><\/p>\n","protected":false},"author":1,"featured_media":0,"parent":0,"menu_order":0,"comment_status":"closed","ping_status":"closed","template":"","meta":{"footnotes":""},"class_list":["post-6","page","type-page","status-publish","hentry"],"featured_media_urls":[],"_links":{"self":[{"href":"https:\/\/www.nutshellproject.fr\/index.php\/wp-json\/wp\/v2\/pages\/6","targetHints":{"allow":["GET"]}}],"collection":[{"href":"https:\/\/www.nutshellproject.fr\/index.php\/wp-json\/wp\/v2\/pages"}],"about":[{"href":"https:\/\/www.nutshellproject.fr\/index.php\/wp-json\/wp\/v2\/types\/page"}],"author":[{"embeddable":true,"href":"https:\/\/www.nutshellproject.fr\/index.php\/wp-json\/wp\/v2\/users\/1"}],"replies":[{"embeddable":true,"href":"https:\/\/www.nutshellproject.fr\/index.php\/wp-json\/wp\/v2\/comments?post=6"}],"version-history":[{"count":10,"href":"https:\/\/www.nutshellproject.fr\/index.php\/wp-json\/wp\/v2\/pages\/6\/revisions"}],"predecessor-version":[{"id":80,"href":"https:\/\/www.nutshellproject.fr\/index.php\/wp-json\/wp\/v2\/pages\/6\/revisions\/80"}],"wp:attachment":[{"href":"https:\/\/www.nutshellproject.fr\/index.php\/wp-json\/wp\/v2\/media?parent=6"}],"curies":[{"name":"wp","href":"https:\/\/api.w.org\/{rel}","templated":true}]}}