{"id":7,"date":"2023-06-16T11:44:19","date_gmt":"2023-06-16T09:44:19","guid":{"rendered":"http:\/\/nutshellproject.fr\/?page_id=7"},"modified":"2023-06-18T13:37:16","modified_gmt":"2023-06-18T11:37:16","slug":"about","status":"publish","type":"page","link":"https:\/\/www.nutshellproject.fr\/index.php\/about\/","title":{"rendered":"L&rsquo;\u00e9quipe"},"content":{"rendered":"\n<p class=\"has-large-font-size\">Pour vous parler un peu de nous&#8230;<\/p>\n\n\n\n<div style=\"height:55px\" aria-hidden=\"true\" class=\"wp-block-spacer\"><\/div>\n\n\n\n<div class=\"wp-block-group alignfull has-very-light-gray-to-cyan-bluish-gray-gradient-background has-background\"><div class=\"wp-block-group__inner-container is-layout-constrained wp-block-group-is-layout-constrained\">\n<div class=\"wp-block-media-text alignwide is-stacked-on-mobile\" style=\"grid-template-columns:18% auto\"><figure class=\"wp-block-media-text__media\"><img loading=\"lazy\" decoding=\"async\" width=\"996\" height=\"1024\" src=\"http:\/\/www.nutshellproject.fr\/wp-content\/uploads\/2023\/06\/Combattante-996x1024.png\" alt=\"\" class=\"wp-image-101 size-full\" srcset=\"https:\/\/www.nutshellproject.fr\/wp-content\/uploads\/2023\/06\/Combattante-996x1024.png 996w, https:\/\/www.nutshellproject.fr\/wp-content\/uploads\/2023\/06\/Combattante-292x300.png 292w, https:\/\/www.nutshellproject.fr\/wp-content\/uploads\/2023\/06\/Combattante-768x789.png 768w, https:\/\/www.nutshellproject.fr\/wp-content\/uploads\/2023\/06\/Combattante-1494x1536.png 1494w, https:\/\/www.nutshellproject.fr\/wp-content\/uploads\/2023\/06\/Combattante-600x617.png 600w, https:\/\/www.nutshellproject.fr\/wp-content\/uploads\/2023\/06\/Combattante-1200x1233.png 1200w, https:\/\/www.nutshellproject.fr\/wp-content\/uploads\/2023\/06\/Combattante.png 1800w\" sizes=\"auto, (max-width: 996px) 100vw, 996px\" \/><\/figure><div class=\"wp-block-media-text__content\">\n<h2 class=\"wp-block-heading\">Coralie<\/h2>\n<\/div><\/div>\n<\/div><\/div>\n\n\n\n<div class=\"wp-block-group alignfull\"><div class=\"wp-block-group__inner-container is-layout-constrained wp-block-group-is-layout-constrained\">\n<div class=\"wp-block-media-text alignwide is-stacked-on-mobile\" style=\"grid-template-columns:18% auto\"><figure class=\"wp-block-media-text__media\"><img loading=\"lazy\" decoding=\"async\" width=\"650\" height=\"655\" src=\"http:\/\/www.nutshellproject.fr\/wp-content\/uploads\/2023\/06\/walee.png\" alt=\"\" class=\"wp-image-117 size-full\" srcset=\"https:\/\/www.nutshellproject.fr\/wp-content\/uploads\/2023\/06\/walee.png 650w, https:\/\/www.nutshellproject.fr\/wp-content\/uploads\/2023\/06\/walee-298x300.png 298w, https:\/\/www.nutshellproject.fr\/wp-content\/uploads\/2023\/06\/walee-150x150.png 150w, https:\/\/www.nutshellproject.fr\/wp-content\/uploads\/2023\/06\/walee-600x605.png 600w\" sizes=\"auto, (max-width: 650px) 100vw, 650px\" \/><\/figure><div class=\"wp-block-media-text__content\">\n<h2 class=\"wp-block-heading\">Walee<\/h2>\n\n\n\n<p>Salut \u00e0 toi, je suis sound designer mais outre la gestion de tout ce qui se rapporte au son, je m&rsquo;int\u00e9resse au lore et \u00e0 l\u2019ambiance du jeu en g\u00e9n\u00e9ral que j\u2019imagine uniques dans leur genre pour ce projet<\/p>\n<\/div><\/div>\n<\/div><\/div>\n\n\n\n<div class=\"wp-block-group alignfull has-very-light-gray-to-cyan-bluish-gray-gradient-background has-background\"><div class=\"wp-block-group__inner-container is-layout-constrained wp-block-group-is-layout-constrained\">\n<div class=\"wp-block-media-text alignwide is-stacked-on-mobile\" style=\"grid-template-columns:18% auto\"><figure class=\"wp-block-media-text__media\"><img loading=\"lazy\" decoding=\"async\" width=\"240\" height=\"240\" src=\"http:\/\/www.nutshellproject.fr\/wp-content\/uploads\/2023\/06\/PhotoThomas.jpg\" alt=\"\" class=\"wp-image-82 size-full\" srcset=\"https:\/\/www.nutshellproject.fr\/wp-content\/uploads\/2023\/06\/PhotoThomas.jpg 240w, https:\/\/www.nutshellproject.fr\/wp-content\/uploads\/2023\/06\/PhotoThomas-150x150.jpg 150w\" sizes=\"auto, (max-width: 240px) 100vw, 240px\" \/><\/figure><div class=\"wp-block-media-text__content\">\n<h2 class=\"wp-block-heading\"><a href=\"https:\/\/www.artstation.com\/timmy677\" target=\"_blank\" rel=\"noreferrer noopener\">Thomas<\/a><\/h2>\n\n\n\n<p>Salut ! Moi, c&rsquo;est Thomas, un artiste qui cr\u00e9e des assets en 2D et 3D. Je donne vie \u00e0 des mondes virtuels en combinant l&rsquo;art traditionnel avec la puissance des technologies num\u00e9riques.<\/p>\n<\/div><\/div>\n<\/div><\/div>\n\n\n\n<div class=\"wp-block-group alignfull\"><div class=\"wp-block-group__inner-container is-layout-constrained wp-block-group-is-layout-constrained\">\n<div class=\"wp-block-media-text alignwide is-stacked-on-mobile\" style=\"grid-template-columns:18% auto\"><figure class=\"wp-block-media-text__media\"><img loading=\"lazy\" decoding=\"async\" width=\"1024\" height=\"998\" src=\"http:\/\/www.nutshellproject.fr\/wp-content\/uploads\/2023\/06\/PhotoClement-1024x998.jpg\" alt=\"\" class=\"wp-image-84 size-full\" srcset=\"https:\/\/www.nutshellproject.fr\/wp-content\/uploads\/2023\/06\/PhotoClement-1024x998.jpg 1024w, https:\/\/www.nutshellproject.fr\/wp-content\/uploads\/2023\/06\/PhotoClement-300x292.jpg 300w, https:\/\/www.nutshellproject.fr\/wp-content\/uploads\/2023\/06\/PhotoClement-768x748.jpg 768w, https:\/\/www.nutshellproject.fr\/wp-content\/uploads\/2023\/06\/PhotoClement-1536x1497.jpg 1536w, https:\/\/www.nutshellproject.fr\/wp-content\/uploads\/2023\/06\/PhotoClement-2048x1996.jpg 2048w, https:\/\/www.nutshellproject.fr\/wp-content\/uploads\/2023\/06\/PhotoClement-2000x1949.jpg 2000w, https:\/\/www.nutshellproject.fr\/wp-content\/uploads\/2023\/06\/PhotoClement-600x585.jpg 600w, https:\/\/www.nutshellproject.fr\/wp-content\/uploads\/2023\/06\/PhotoClement-1200x1169.jpg 1200w\" sizes=\"auto, (max-width: 1024px) 100vw, 1024px\" \/><\/figure><div class=\"wp-block-media-text__content\">\n<h2 class=\"wp-block-heading\">Cl\u00e9ment<\/h2>\n\n\n\n<p>Hello, je suis dev Unreal Engine sur le projet et touche \u00e0 tout \ud83d\ude09 C&rsquo;est aussi moi qui suis \u00e0 l&rsquo;initiative de ce projet<\/p>\n<\/div><\/div>\n<\/div><\/div>\n\n\n\n<p><\/p>\n","protected":false},"excerpt":{"rendered":"<p>Pour vous parler un peu de nous&#8230; Coralie Walee Salut \u00e0 toi, je suis sound designer mais outre la gestion de tout ce qui se rapporte au son, je m&rsquo;int\u00e9resse au lore et \u00e0 l\u2019ambiance du jeu en g\u00e9n\u00e9ral que j\u2019imagine uniques dans leur genre pour ce projet Thomas Salut ! Moi, c&rsquo;est Thomas, un &hellip; <\/p>\n<p class=\"link-more\"><a href=\"https:\/\/www.nutshellproject.fr\/index.php\/about\/\" class=\"more-link\">Lire la suite de<span class=\"screen-reader-text\">\u00ab\u00a0L&rsquo;\u00e9quipe\u00a0\u00bb<\/span><\/a><\/p>\n","protected":false},"author":1,"featured_media":0,"parent":0,"menu_order":0,"comment_status":"closed","ping_status":"closed","template":"","meta":{"footnotes":""},"class_list":["post-7","page","type-page","status-publish","hentry"],"featured_media_urls":[],"_links":{"self":[{"href":"https:\/\/www.nutshellproject.fr\/index.php\/wp-json\/wp\/v2\/pages\/7","targetHints":{"allow":["GET"]}}],"collection":[{"href":"https:\/\/www.nutshellproject.fr\/index.php\/wp-json\/wp\/v2\/pages"}],"about":[{"href":"https:\/\/www.nutshellproject.fr\/index.php\/wp-json\/wp\/v2\/types\/page"}],"author":[{"embeddable":true,"href":"https:\/\/www.nutshellproject.fr\/index.php\/wp-json\/wp\/v2\/users\/1"}],"replies":[{"embeddable":true,"href":"https:\/\/www.nutshellproject.fr\/index.php\/wp-json\/wp\/v2\/comments?post=7"}],"version-history":[{"count":13,"href":"https:\/\/www.nutshellproject.fr\/index.php\/wp-json\/wp\/v2\/pages\/7\/revisions"}],"predecessor-version":[{"id":118,"href":"https:\/\/www.nutshellproject.fr\/index.php\/wp-json\/wp\/v2\/pages\/7\/revisions\/118"}],"wp:attachment":[{"href":"https:\/\/www.nutshellproject.fr\/index.php\/wp-json\/wp\/v2\/media?parent=7"}],"curies":[{"name":"wp","href":"https:\/\/api.w.org\/{rel}","templated":true}]}}